{"id":30,"date":"2024-01-13T13:19:47","date_gmt":"2024-01-13T16:19:47","guid":{"rendered":"http:\/\/veloxtvgroup.com\/?page_id=30"},"modified":"2024-02-21T17:30:35","modified_gmt":"2024-02-21T20:30:35","slug":"consultoria-imobiliaria","status":"publish","type":"page","link":"https:\/\/veloxtvgroup.com\/index.php\/consultoria-imobiliaria\/","title":{"rendered":"Consultoria Imobili\u00e1ria"},"content":{"rendered":"<p style=\"text-align: justify;\">N\u00e3o h\u00e1 setor com crescimento mais vertiginoso quanto o segmento imobili\u00e1rio e a <strong>VeloxTV Group<\/strong> possui uma rela\u00e7\u00e3o exclusiva com esta \u00e1rea, dispondo de um cat\u00e1logo vasto e uma equipe treinada para oferecer um atendimento \u00e9tico e competente. O que significa a compra desse im\u00f3vel para voc\u00ea? Um sonho a ser realizado? O investimento ideal do momento? Um desejo de vida? A <strong>VeloxTV Group<\/strong> apresenta o caminho para que seu objetivo de compra seja cumprido.<\/p>\n<p>&nbsp;<\/p>\n<p style=\"text-align: justify;\"><strong>PRODUTOS<\/strong><\/p>\n<p style=\"text-align: justify;\">Gra\u00e7as \u00e0 realiza\u00e7\u00e3o de parcerias, ofertamos empreendimentos de padr\u00e3o econ\u00f4mico, m\u00e9dio, alto, alt\u00edssimo e luxuoso, presentes em \u00e1reas centrais ou bairros desejados, tanto em regi\u00f5es urbanas quanto rurais, com fins residencial ou comercial. Al\u00e9m disso, em nossa lista de projetos, voc\u00ea pode encontrar servi\u00e7os de condom\u00ednio que atende as suas necessidades, tal como lazer completo: piscina, sol\u00e1rio, quadra de esportes, quadra de beach sports, sports bar, adega e Biciclet\u00e1rio. Espa\u00e7o para o seu home office como wi-fi, co-working e open working. Divers\u00e3o para crian\u00e7as e mascotes bem como playground, brinquedoteca, piscina infantil, pet place e pet care. Comodidades: vagas para carros, motos, elevadores, espa\u00e7o delivery e minimercado.<\/p>\n<p>&nbsp;<\/p>\n<p style=\"text-align: justify;\"><strong>LOCALIZA\u00c7\u00c3O<\/strong><\/p>\n<p style=\"text-align: justify;\"><strong>a) S\u00e3o Paulo<\/strong><\/p>\n<p style=\"text-align: justify;\">Em meio ao emaranhado de complexos residenciais, comerciais e mistos, a\u00a0<b>Veloxtv Group<\/b> aprimora sua busca de acordo com seu conforto e predile\u00e7\u00e3o. A seguir, apresentamos os destaques de bairros favoritos e tradicionais: Jardins, Pinheiros, Jardim Europa, Moema, Campo Belo, Brooklin, Perdizes, Sumar\u00e9, Alto da Lapa,\u00a0 Higien\u00f3polis, Itaim Bibi, Vila Ol\u00edmpia, Alto da Boa Vista, Morumbi, Butant\u00e3, Mooca,\u00a0 Tatuap\u00e9, Vila Mariana, Para\u00edso, Liberdade, Bela Vista (Av. Paulista), Ipiranga.<\/p>\n<p>&nbsp;<\/p>\n<p style=\"text-align: justify;\">S\u00e3o Paulo, por ser uma cidade cosmopolita, possui uma malha vi\u00e1ria em localiza\u00e7\u00f5es privilegiadas que possibilitam a liga\u00e7\u00e3o entre as v\u00e1rias regi\u00f5es; onde est\u00e3o situados os im\u00f3veis de prefer\u00eancia para moradia e investimentos\u00a0 tais como; Avenida Paulista, Avenida Rebou\u00e7as, Avenida Faria Lima, Avenida Juscelino Kubitschek, Avenida Ibirapuera, Complexo 23 de Maio, Rua Sena Madureira, Avenida Roque Petroni Jr, Avenida Morumbi, Rua Vergueiro, Avenida das Na\u00e7\u00f5es Unidas, dentre outras.<\/p>\n<p>&nbsp;<\/p>\n<p style=\"text-align: justify;\">More e invista no entorno dos pontos mais queridos da metr\u00f3pole em quest\u00e3o de lazer e entretenimento, bem como o Shopping Iguatemi, Shopping JK, Shopping Villa Lobos, Shopping Cidade Jardim, Shopping Eldorado, Shopping Morumbi, Shopping Cidade S\u00e3o Paulo, Shopping An\u00e1lia Franco, Shopping Center Norte, Shopping Plaza Sul, Parque Ibirapuera, Parque Villa Lobos, Parque Aclima\u00e7\u00e3o, Parque Burle Marx, Parque \u00c1gua Branca, Teatro Municipal, Clube Pinheiros e Clube Hebraica. Pertinente \u00e0 sa\u00fade e bem estar, dispomos endere\u00e7os pr\u00f3ximos ao S\u00edrio Liban\u00eas, Osvaldo Cruz, Hospital das Cl\u00ednicas, AACD Ibirapuera e Hospital 9 de Julho. J\u00e1 os interessados em n\u00facleos acad\u00eamicos, recomendamos empreendimentos vizinhos \u00e0 Cidade Universit\u00e1ria, Puc Campus Monte Alegre e Universidade Anhembi Morumbi.<\/p>\n<p>&nbsp;<\/p>\n<p style=\"text-align: justify;\">Esteja conectado com a cidade: para voc\u00ea que est\u00e1 \u00e0 procura de im\u00f3veis com localiza\u00e7\u00e3o estrat\u00e9gica, disponibilizamos produtos que est\u00e3o a poucos minutos de esta\u00e7\u00f5es de metr\u00f4 da linha 1-Azul, 2-Verde, 3-Vermelha, 4-Amarela, 5-Lil\u00e1s e 15-Prata, de esta\u00e7\u00f5es da CPTM englobando a linha 7-Rubi, 8-Diamante, 9-Esmeralda, 10-Turquesa, 11-Coral e 12- Safira, al\u00e9m de futuras vias que est\u00e3o em constru\u00e7\u00e3o como a linha 6-Laranja e o monotrilho 17-Ouro.<\/p>\n<p>&nbsp;<\/p>\n<p><strong>b) Rio de Janeiro<\/strong><\/p>\n<p style=\"text-align: justify;\">Reconhecida internacionalmente, essa cosm\u00f3pole exprime o mais apraz\u00edvel clima tropical brasileiro. Suas praias monumentais e centros comerciais ao redor delas n\u00e3o apenas s\u00e3o atrativos para turistas de todo o globo, mas podem certamente ser de grande valia para aqueles que desejam inaugurar ou expandir seu neg\u00f3cio.<\/p>\n<p>A VeloxTV Group destaca as localidades mais sofisticadas e almejadas da cidade, empreendimentos nos bairros do Leblon, Ipanema, Lagoa, G\u00e1vea, Copacabana, Jardim Bot\u00e2nico, Barra da Tijuca e Botafogo.<\/p>\n<p>&nbsp;<\/p>\n<p><strong>c) Regi\u00e3o de Balne\u00e1rio Cambori\u00fa<\/strong><\/p>\n<p style=\"text-align: justify;\">Conosco, voc\u00ea ter\u00e1 oportunidades na Dubai Brasileira, afinal este codinome \u00e9 dado com embasamento e no\u00e7\u00e3o que Balne\u00e1rio Camburi\u00fa passa por um boom imobili\u00e1rio singular, portanto esse \u00e9 o momento prop\u00edcio para investir.<\/p>\n<p>Al\u00e9m de sua localiza\u00e7\u00e3o costeira favorecida, bairros chamativos como Centro, Pioneiros, Barra Norte, Interpraias e Barra Sul s\u00e3o excelentes para quem busca um lugar com qualidade de vida superior.<\/p>\n<p>&nbsp;<\/p>\n<p style=\"text-align: justify;\"><strong>QUALIDADE CONSTRUTIVA E DOS ESPA\u00c7OS<\/strong><\/p>\n<p style=\"text-align: justify;\">Dentre os incont\u00e1veis empreendimentos que podemos ofertar, filtramos de acordo com seu tamanho, perpassando metragens de 25, 50, 75, 100, 200, 300, 500 at\u00e9 1000 metros quadrados; decisivo para quem mora em fam\u00edlia, h\u00e1 projetos com dois, tr\u00eas, quatro, seis ou mais quartos e op\u00e7\u00f5es ampliadas para quem vive s\u00f3. Neste percurso, voc\u00ea encontra im\u00f3veis em momento de lan\u00e7amento, em obras e pronta entrega, ademais de terceiros, mobiliados e retrofits, sendo o \u00faltimo uma inova\u00e7\u00e3o internacional.<\/p>\n<p>&nbsp;<\/p>\n<p style=\"text-align: justify;\">Firmando o compromisso de tornar a moradia uma experi\u00eancia apraz\u00edvel, a <strong>VeloxTV Group<\/strong> seleciona projetos que contam com terra\u00e7o, instala\u00e7\u00f5es internas para ar-condicionado, churrasqueira, lava lou\u00e7as, lavadoras, \u00e1gua aquecida, pulm\u00e3o de seguran\u00e7a em portarias e estacionamentos, ponto para recarda de carro el\u00e9trico e vidros blindados.<\/p>\n","protected":false},"excerpt":{"rendered":"<p>N\u00e3o h\u00e1 setor com crescimento mais vertiginoso quanto o segmento imobili\u00e1rio e a VeloxTV Group possui uma rela\u00e7\u00e3o exclusiva com esta \u00e1rea, dispondo de um cat\u00e1logo vasto e uma equipe treinada para oferecer um atendimento \u00e9tico e competente. O que significa a compra desse im\u00f3vel para voc\u00ea? Um sonho a ser realizado? O investimento ideal [&hellip;]<\/p>\n","protected":false},"author":1,"featured_media":0,"parent":0,"menu_order":0,"comment_status":"closed","ping_status":"closed","template":"","meta":{"om_disable_all_campaigns":false,"_uf_show_specific_survey":0,"_uf_disable_surveys":false,"footnotes":""},"class_list":["post-30","page","type-page","status-publish","hentry"],"aioseo_notices":[],"_links":{"self":[{"href":"https:\/\/veloxtvgroup.com\/index.php\/wp-json\/wp\/v2\/pages\/30","targetHints":{"allow":["GET"]}}],"collection":[{"href":"https:\/\/veloxtvgroup.com\/index.php\/wp-json\/wp\/v2\/pages"}],"about":[{"href":"https:\/\/veloxtvgroup.com\/index.php\/wp-json\/wp\/v2\/types\/page"}],"author":[{"embeddable":true,"href":"https:\/\/veloxtvgroup.com\/index.php\/wp-json\/wp\/v2\/users\/1"}],"replies":[{"embeddable":true,"href":"https:\/\/veloxtvgroup.com\/index.php\/wp-json\/wp\/v2\/comments?post=30"}],"version-history":[{"count":14,"href":"https:\/\/veloxtvgroup.com\/index.php\/wp-json\/wp\/v2\/pages\/30\/revisions"}],"predecessor-version":[{"id":311,"href":"https:\/\/veloxtvgroup.com\/index.php\/wp-json\/wp\/v2\/pages\/30\/revisions\/311"}],"wp:attachment":[{"href":"https:\/\/veloxtvgroup.com\/index.php\/wp-json\/wp\/v2\/media?parent=30"}],"curies":[{"name":"wp","href":"https:\/\/api.w.org\/{rel}","templated":true}]}}