{"id":28,"date":"2024-01-13T13:19:33","date_gmt":"2024-01-13T16:19:33","guid":{"rendered":"http:\/\/veloxtvgroup.com\/?page_id=28"},"modified":"2026-03-17T15:35:40","modified_gmt":"2026-03-17T18:35:40","slug":"eventos","status":"publish","type":"page","link":"https:\/\/veloxtvgroup.com\/index.php\/eventos\/","title":{"rendered":"Eventos"},"content":{"rendered":"<p style=\"text-align: justify;\">O mercado empresarial investe na participa\u00e7\u00e3o em eventos por saber do potencial de oportunidades de neg\u00f3cios que s\u00e3o gerados.<\/p>\n<p>&nbsp;<\/p>\n<p style=\"text-align: justify;\">O Brasil hoje \u00e9 o foco de aten\u00e7\u00e3o mundial e tem S\u00e3o Paulo como uma das maiores cidades do mundo, com um potencial de gera\u00e7\u00e3o de neg\u00f3cios e divulga\u00e7\u00e3o das marcas sem igual.<\/p>\n<p>&nbsp;<\/p>\n<p style=\"text-align: justify;\">A <strong>Veloxtv Group<\/strong> tem hist\u00f3ria na participa\u00e7\u00e3o de eventos nacionais e internacionais, oferecendo aos seu parceiros, patrocinadores e clientes, a grande oportunidade de participarem de eventos altamente diferenciados, com a grande possibilidade de proje\u00e7\u00e3o de suas marcas e realiza\u00e7\u00e3o de muitos neg\u00f3cios.<\/p>\n<p>&nbsp;<\/p>\n<p style=\"text-align: justify;\">A empresa pode adquirir diversas formas de participa\u00e7\u00e3o nas feiras e eventos, e tamb\u00e9m poderemos auxili\u00e1-la na idealiza\u00e7\u00e3o de seu pr\u00f3prio evento; tais como <strong>&#8220;Conven\u00e7\u00e3o de Vendas&#8221;<\/strong>, <strong>&#8220;Meetings&#8221;<\/strong>, <strong>&#8220;Apresenta\u00e7\u00e3o de novos produtos e servi\u00e7os&#8221;, &#8220;Festas de Confraterniza\u00e7\u00f5es&#8221;.<\/strong><\/p>\n<p>&nbsp;<\/p>\n<p style=\"text-align: justify;\">A seguir apresentaremos passos minuciosos para a participa\u00e7\u00e3o de uma empresa nos eventos:<\/p>\n<p>&nbsp;<\/p>\n<p>&nbsp;<\/p>\n<p style=\"text-align: justify;\"><strong><em>ORGANIZA\u00c7\u00c3O<\/em><\/strong><br \/>\nParte fundamental de um evento \u00e9 a Organiza\u00e7\u00e3o e para isso, \u00e9 importante contar com uma equipe qualificada para entender a necessidade da empresa, buscar um do espa\u00e7o em localiza\u00e7\u00e3o e tamanho para atender a proposta do evento, distribui\u00e7\u00e3o dos espa\u00e7os e eventual comercializa\u00e7\u00e3o.<\/p>\n<p>&nbsp;<\/p>\n<p style=\"text-align: justify;\">Feito isso, o pr\u00f3ximo passo \u00e9 a divulga\u00e7\u00e3o para as empresas parceiras, outras empresas do seguimento com a inten\u00e7\u00e3o de realizar neg\u00f3cios, bem como as empresas que tenham o interesse em participar para divulgar suas marcas e viabilizar futuros neg\u00f3cios.<\/p>\n<p>&nbsp;<\/p>\n<p style=\"text-align: justify;\">Munidos dessas informa\u00e7\u00f5es, s\u00e3o elaborados os cadernos com as informa\u00e7\u00f5es do eventos, contatos das empresas participantes e planta do pavilh\u00e3o do evento com a localiza\u00e7\u00e3o do stand de cada empresa.<\/p>\n<p>&nbsp;<\/p>\n<p style=\"text-align: justify;\">O trabalho tamb\u00e9m constitui em fazer os cadastros e disponibilizar crach\u00e1s para todos os participantes e convidados, fornecendo posteriormente a lista de todos os participantes para a empresa ou grupo idealizador do evento.<\/p>\n<p>&nbsp;<\/p>\n<p style=\"text-align: justify;\"><strong><em>STAND \/ PARTICIPA\u00c7\u00c3O<\/em><\/strong><br \/>\nNormalmente a <strong><em>Veloxtv Group<\/em><\/strong> utiliza um espa\u00e7o pr\u00f3prio nos eventos que pode ser compartilhado com patrocinadores ou oferendo stands exclusivos para as empresas, por ser organizadora do evento ou pelo relacionamento comercial com as empresas organizadoras.<\/p>\n<p>&nbsp;<\/p>\n<p style=\"text-align: justify;\">Nesse sentido, as empresas parceiras, patrocinadoras ou investidoras podem escolher a maneira que melhor atenda seus interesses na participa\u00e7\u00e3o dos eventos.<\/p>\n<p>&nbsp;<\/p>\n<p style=\"text-align: justify;\"><strong><em>COMERCIAL<\/em><\/strong><\/p>\n<p style=\"text-align: justify;\">Neste momento o <strong>Veloxtv Group<\/strong> apresenta a seus clientes e parceiros as melhores formas de estarem presentes nos eventos com a divulga\u00e7\u00e3o da sua marca em nossos diversos formatos e com conte\u00fados impressos ou digitais; podendo ser apresentados em meetings e palestras.<\/p>\n<p>&nbsp;<\/p>\n<p>&nbsp;<\/p>\n<p style=\"text-align: justify;\"><strong><em>COBERTURA E TRANSMISS\u00c3O<\/em><\/strong><\/p>\n<p style=\"text-align: justify;\">A Veloxtv Group participa dos eventos com espa\u00e7o pr\u00f3prio ou compartilhado com seus patrocinadores, realizando a cobertura dos eventos com fotos e v\u00eddeos, inclusive com entrevistas de organizadores e expositores.<\/p>\n<p>&nbsp;<\/p>\n<p style=\"text-align: justify;\">As divulga\u00e7\u00f5es s\u00e3o realizadas atrav\u00e9s do ve\u00edculo VeloxTV Group, que integra\u00e7\u00e3o da Requinte e Sofistica\u00e7\u00e3o, m\u00eddias parceiras, publica\u00e7\u00f5es em sites e revistas, nacionais e internacionais.<\/p>\n<p>&nbsp;<\/p>\n<p style=\"text-align: justify;\">A Veloxtv Group convida todos a participarem dos maiores eventos nacionais &amp; internacionais em nossa companhia.<\/p>\n","protected":false},"excerpt":{"rendered":"<p>O mercado empresarial investe na participa\u00e7\u00e3o em eventos por saber do potencial de oportunidades de neg\u00f3cios que s\u00e3o gerados. &nbsp; O Brasil hoje \u00e9 o foco de aten\u00e7\u00e3o mundial e tem S\u00e3o Paulo como uma das maiores cidades do mundo, com um potencial de gera\u00e7\u00e3o de neg\u00f3cios e divulga\u00e7\u00e3o das marcas sem igual. &nbsp; A [&hellip;]<\/p>\n","protected":false},"author":1,"featured_media":0,"parent":0,"menu_order":0,"comment_status":"closed","ping_status":"closed","template":"","meta":{"om_disable_all_campaigns":false,"_uf_show_specific_survey":0,"_uf_disable_surveys":false,"footnotes":""},"class_list":["post-28","page","type-page","status-publish","hentry"],"aioseo_notices":[],"_links":{"self":[{"href":"https:\/\/veloxtvgroup.com\/index.php\/wp-json\/wp\/v2\/pages\/28","targetHints":{"allow":["GET"]}}],"collection":[{"href":"https:\/\/veloxtvgroup.com\/index.php\/wp-json\/wp\/v2\/pages"}],"about":[{"href":"https:\/\/veloxtvgroup.com\/index.php\/wp-json\/wp\/v2\/types\/page"}],"author":[{"embeddable":true,"href":"https:\/\/veloxtvgroup.com\/index.php\/wp-json\/wp\/v2\/users\/1"}],"replies":[{"embeddable":true,"href":"https:\/\/veloxtvgroup.com\/index.php\/wp-json\/wp\/v2\/comments?post=28"}],"version-history":[{"count":12,"href":"https:\/\/veloxtvgroup.com\/index.php\/wp-json\/wp\/v2\/pages\/28\/revisions"}],"predecessor-version":[{"id":363,"href":"https:\/\/veloxtvgroup.com\/index.php\/wp-json\/wp\/v2\/pages\/28\/revisions\/363"}],"wp:attachment":[{"href":"https:\/\/veloxtvgroup.com\/index.php\/wp-json\/wp\/v2\/media?parent=28"}],"curies":[{"name":"wp","href":"https:\/\/api.w.org\/{rel}","templated":true}]}}