{"id":230,"date":"2024-01-18T17:17:55","date_gmt":"2024-01-18T20:17:55","guid":{"rendered":"http:\/\/veloxtvgroup.com\/?page_id=230"},"modified":"2024-02-14T09:42:35","modified_gmt":"2024-02-14T12:42:35","slug":"viagens-turismo","status":"publish","type":"page","link":"https:\/\/veloxtvgroup.com\/index.php\/viagens-turismo\/","title":{"rendered":"Viagens &#038; Turismo"},"content":{"rendered":"<p>Em breve apresentaremos como funcionar\u00e1 a parte de Viagens &amp; Turismo.<\/p>\n<p>Nela informaremos de locais visitados, com eventos pr\u00f3ximos, locais gastron\u00f4micos, e informa\u00e7\u00f5es completas para conhecer diversas localidades ao redor do mundo.<\/p>\n<p>N\u00e3o Percam!!!<\/p>\n","protected":false},"excerpt":{"rendered":"<p>Em breve apresentaremos como funcionar\u00e1 a parte de Viagens &amp; Turismo. Nela informaremos de locais visitados, com eventos pr\u00f3ximos, locais gastron\u00f4micos, e informa\u00e7\u00f5es completas para conhecer diversas localidades ao redor do mundo. N\u00e3o Percam!!!<\/p>\n","protected":false},"author":1,"featured_media":0,"parent":0,"menu_order":0,"comment_status":"closed","ping_status":"closed","template":"","meta":{"om_disable_all_campaigns":false,"_uf_show_specific_survey":0,"_uf_disable_surveys":false,"footnotes":""},"class_list":["post-230","page","type-page","status-publish","hentry"],"aioseo_notices":[],"_links":{"self":[{"href":"https:\/\/veloxtvgroup.com\/index.php\/wp-json\/wp\/v2\/pages\/230","targetHints":{"allow":["GET"]}}],"collection":[{"href":"https:\/\/veloxtvgroup.com\/index.php\/wp-json\/wp\/v2\/pages"}],"about":[{"href":"https:\/\/veloxtvgroup.com\/index.php\/wp-json\/wp\/v2\/types\/page"}],"author":[{"embeddable":true,"href":"https:\/\/veloxtvgroup.com\/index.php\/wp-json\/wp\/v2\/users\/1"}],"replies":[{"embeddable":true,"href":"https:\/\/veloxtvgroup.com\/index.php\/wp-json\/wp\/v2\/comments?post=230"}],"version-history":[{"count":3,"href":"https:\/\/veloxtvgroup.com\/index.php\/wp-json\/wp\/v2\/pages\/230\/revisions"}],"predecessor-version":[{"id":307,"href":"https:\/\/veloxtvgroup.com\/index.php\/wp-json\/wp\/v2\/pages\/230\/revisions\/307"}],"wp:attachment":[{"href":"https:\/\/veloxtvgroup.com\/index.php\/wp-json\/wp\/v2\/media?parent=230"}],"curies":[{"name":"wp","href":"https:\/\/api.w.org\/{rel}","templated":true}]}}