{"id":163,"date":"2024-01-16T16:31:05","date_gmt":"2024-01-16T19:31:05","guid":{"rendered":"http:\/\/veloxtvgroup.com\/?page_id=163"},"modified":"2026-03-18T12:11:16","modified_gmt":"2026-03-18T15:11:16","slug":"consultoria-empresarial","status":"publish","type":"page","link":"https:\/\/veloxtvgroup.com\/index.php\/consultoria-empresarial\/","title":{"rendered":"Consultoria Empresarial"},"content":{"rendered":"<p style=\"text-align: justify;\">Nossa Consultoria Empresarial condiz em um servi\u00e7o especializado que visa ajudar as empresas a melhorar seus processos e resultados. Por meio dela, \u00e9 poss\u00edvel melhorar a efici\u00eancia operacional, reduzir custos, aumentar a produtividade e melhorar a qualidade do servi\u00e7o prestado ao cliente.<\/p>\n<p>&nbsp;<\/p>\n<p style=\"text-align: justify;\">Com o aux\u00edlio de uma\u00a0<strong>empresa de consultoria empresarial<\/strong>, \u00e9 poss\u00edvel ter a\u00a0<strong>vis\u00e3o externa de um especialista<\/strong>\u00a0sobre toda a opera\u00e7\u00e3o. \u00c9 neste ponto que a expertise chega para resolver d\u00favidas, corrigir erros e superar obst\u00e1culos.<\/p>\n<p>&nbsp;<\/p>\n<p style=\"text-align: justify;\">O servi\u00e7o funciona como\u00a0<strong>guia para fornecer a dire\u00e7\u00e3o certa rumo a um n\u00edvel mais alto de gest\u00e3o<\/strong>. Al\u00e9m disso, tem como objetivo aprimorar a tomada de decis\u00e3o, a produtividade e a expans\u00e3o.<\/p>\n<p>&nbsp;<\/p>\n<p style=\"text-align: justify;\">A consultoria empresarial pode ser realizada tanto por profissionais aut\u00f4nomos quanto por empresas especializadas na atividade; mas n\u00e3o se trata de uma demanda integralmente terceirizada, j\u00e1 que o\u00a0<b>envolvimento de gestores<\/b>\u00a0\u00e9 fundamental para o sucesso da iniciativa.<\/p>\n<p>&nbsp;<\/p>\n<h3 class=\"wp-block-heading\" style=\"text-align: justify;\">Principais vantagens da Consultoria Empresarial<\/h3>\n<p>&nbsp;<\/p>\n<p style=\"text-align: justify;\">S\u00e3o in\u00fameras as vantagens de recorrer a uma consultoria empresarial; entretanto se f\u00f4ssemos eleger uma principal, podemos dizer que o consultor <b>atua como um catalisador<\/b>\u00a0<b>do crescimento\u00a0<\/b>do neg\u00f3cio. Por meio de uma an\u00e1lise apurada das informa\u00e7\u00f5es da empresa e da obten\u00e7\u00e3o de insights de quem possui grande experi\u00eancia na \u00e1rea, um novo horizonte se abre para ela.<\/p>\n<p>&nbsp;<\/p>\n<p style=\"text-align: justify;\">\u00c9 poss\u00edvel para o empreendedor fazer o seu projeto\u00a0<b>crescer mais r\u00e1pido<\/b> e de forma sustent\u00e1vel. Dessa forma, uma consultoria pode ser uma<b>\u00a0pe\u00e7a-chave<\/b> no processo de transforma\u00e7\u00e3o do neg\u00f3cio; sem ela, a evolu\u00e7\u00e3o pode at\u00e9 acontecer, mas vai demorar bem mais.\u00a0Sabemos que a mudan\u00e7a, mesmo que pequena, \u00e9 o<b>\u00a0primeiro passo<\/b>\u00a0para alavancar os neg\u00f3cios.<\/p>\n<p>&nbsp;<\/p>\n<p style=\"text-align: justify;\">Por isso, contar com um profissional capaz de incentivar esse processo; outra vantagem que vale a men\u00e7\u00e3o \u00e9 a\u00a0<b>atualiza\u00e7\u00e3o constante<\/b> que a empresa alcan\u00e7a a partir da consultoria e criar um planejamento estrat\u00e9gico eficaz.<\/p>\n<p>&nbsp;<\/p>\n<p style=\"text-align: justify;\">Em 2026, a consultoria empresarial est\u00e1 a viver uma\u00a0<strong class=\"Yjhzub\" data-sfc-cb=\"\" data-complete=\"true\" data-processed=\"true\">&#8220;era de ouro&#8221; impulsionada pela Intelig\u00eancia Artificial (IA)<\/strong>\u00a0e pela necessidade de adapta\u00e7\u00e3o a novas regras fiscais e laborais. O mercado exige agora uma transi\u00e7\u00e3o da gest\u00e3o &#8220;por intui\u00e7\u00e3o&#8221; para uma\u00a0<strong class=\"Yjhzub\" data-sfc-cb=\"\" data-complete=\"true\" data-processed=\"true\" aria-owns=\"action-menu-parent-container\">gest\u00e3o de precis\u00e3o baseada em dados reais.<\/strong><\/p>\n<p>&nbsp;<\/p>\n<p>O foco das consultorias em 2026 concentra-se em tr\u00eas eixos estrat\u00e9gicos para garantir o crescimento acelerado:<\/p>\n<ul class=\"KsbFXc U6u95\" data-sfc-cb=\"\" data-processed=\"true\" data-complete=\"true\">\n<li class=\"dF3vjf\" style=\"text-align: justify;\" data-sfc-cb=\"\" data-hveid=\"CAUQAA\" data-complete=\"true\" data-sae=\"\"><span class=\"T286Pc\" data-sfc-cp=\"\" data-sfc-cb=\"\" data-complete=\"true\"><strong class=\"Yjhzub\" data-sfc-cb=\"\" data-complete=\"true\">Consultoria de IA:<\/strong>\u00a0Tornou-se o nicho mais lucrativo, focando em roadmaps pr\u00e1ticos, automa\u00e7\u00e3o de processos e workshops para PMEs que precisam de orienta\u00e7\u00e3o para n\u00e3o ficarem obsoletas.<\/span><\/li>\n<\/ul>\n<p>&nbsp;<\/p>\n<ul class=\"KsbFXc U6u95\" data-sfc-cb=\"\" data-processed=\"true\" data-complete=\"true\">\n<li class=\"dF3vjf\" style=\"text-align: justify;\" data-sfc-cb=\"\" data-hveid=\"CAUQAQ\" data-complete=\"true\" data-sae=\"\"><span class=\"T286Pc\" data-sfc-cp=\"\" data-sfc-cb=\"\" data-complete=\"true\"><strong class=\"Yjhzub\" data-sfc-cb=\"\" data-complete=\"true\">Gest\u00e3o de Precis\u00e3o:<\/strong>\u00a0Substitui\u00e7\u00e3o de modelos de gest\u00e3o gen\u00e9ricos por an\u00e1lises profundas de cen\u00e1rios, monitoramento cont\u00ednuo de KPIs e planeamento estrat\u00e9gico rigoroso.<\/span><\/li>\n<\/ul>\n<p>&nbsp;<\/p>\n<ul class=\"KsbFXc U6u95\" data-sfc-cb=\"\" data-processed=\"true\" data-complete=\"true\">\n<li class=\"dF3vjf\" style=\"text-align: justify;\" data-sfc-cb=\"\" data-hveid=\"CAUQAg\" data-sae=\"\" data-complete=\"true\"><span class=\"T286Pc\" data-sfc-cp=\"\" data-sfc-cb=\"\" data-complete=\"true\"><strong class=\"Yjhzub\" data-sfc-cb=\"\" data-complete=\"true\">Adequa\u00e7\u00e3o Regulat\u00f3ria e Fiscal:<\/strong>\u00a0Alta procura por consultores especializados na\u00a0<strong class=\"Yjhzub\" data-sfc-cb=\"\" data-complete=\"true\">Reforma Tribut\u00e1ria<\/strong>\u00a0e em novas portarias laborais que entraram em vigor em 2026.<\/span><\/li>\n<\/ul>\n<p>&nbsp;<\/p>\n<p><strong>Consultoria Jur\u00eddica<\/strong><\/p>\n<p style=\"text-align: justify;\">O nosso departamento jur\u00eddico tem atua\u00e7\u00e3o voltada \u00e0 consultoria jur\u00eddica estrat\u00e9gica, com enfoque multidisciplinar nas \u00e1reas m\u00e9dica, imobili\u00e1ria, empresarial e contratual, orientada \u00e0 preven\u00e7\u00e3o de lit\u00edgios e \u00e0 mitiga\u00e7\u00e3o de riscos. No Direito M\u00e9dico, desenvolve assessoria especializada em responsabilidade civil, compliance regulat\u00f3rio e adequa\u00e7\u00e3o \u00e0s normas sanit\u00e1rias, auxiliando profissionais e institui\u00e7\u00f5es de sa\u00fade na tomada de decis\u00f5es seguras e juridicamente embasadas.<\/p>\n<p style=\"text-align: justify;\">No campo imobili\u00e1rio, oferece suporte consultivo em due diligence, estrutura\u00e7\u00e3o e revis\u00e3o de opera\u00e7\u00f5es, regulariza\u00e7\u00e3o de ativos e an\u00e1lise de riscos negociais, garantindo maior seguran\u00e7a jur\u00eddica nas transa\u00e7\u00f5es. Em Direito Empresarial, atua na implementa\u00e7\u00e3o de pr\u00e1ticas de governan\u00e7a corporativa, planejamento societ\u00e1rio e organiza\u00e7\u00e3o jur\u00eddica de empresas, com foco na efici\u00eancia operacional e na conformidade normativa.<\/p>\n<p>&nbsp;<\/p>\n<p style=\"text-align: justify;\">Na esfera contratual, presta assessoria na elabora\u00e7\u00e3o, revis\u00e3o e gest\u00e3o de contratos, com linguagem t\u00e9cnica apurada e aten\u00e7\u00e3o \u00e0 aloca\u00e7\u00e3o de riscos, cl\u00e1usulas de prote\u00e7\u00e3o e mecanismos de resolu\u00e7\u00e3o de conflitos. A consultoria \u00e9 pautada por uma vis\u00e3o preventiva, personalizada e orientada \u00e0 sustentabilidade jur\u00eddica das atividades desenvolvidas.<\/p>\n<p>&nbsp;<\/p>\n<p>Respons\u00e1vel pelo departamento jur\u00eddico<\/p>\n<p>Advogado: Guilherme Henrique Mota Seixas<br \/>\nOAB &#8211; SP: 534900<\/p>\n","protected":false},"excerpt":{"rendered":"<p>Nossa Consultoria Empresarial condiz em um servi\u00e7o especializado que visa ajudar as empresas a melhorar seus processos e resultados. Por meio dela, \u00e9 poss\u00edvel melhorar a efici\u00eancia operacional, reduzir custos, aumentar a produtividade e melhorar a qualidade do servi\u00e7o prestado ao cliente. &nbsp; Com o aux\u00edlio de uma\u00a0empresa de consultoria empresarial, \u00e9 poss\u00edvel ter a\u00a0vis\u00e3o [&hellip;]<\/p>\n","protected":false},"author":1,"featured_media":0,"parent":0,"menu_order":0,"comment_status":"closed","ping_status":"closed","template":"","meta":{"om_disable_all_campaigns":false,"_uf_show_specific_survey":0,"_uf_disable_surveys":false,"footnotes":""},"class_list":["post-163","page","type-page","status-publish","hentry"],"aioseo_notices":[],"_links":{"self":[{"href":"https:\/\/veloxtvgroup.com\/index.php\/wp-json\/wp\/v2\/pages\/163","targetHints":{"allow":["GET"]}}],"collection":[{"href":"https:\/\/veloxtvgroup.com\/index.php\/wp-json\/wp\/v2\/pages"}],"about":[{"href":"https:\/\/veloxtvgroup.com\/index.php\/wp-json\/wp\/v2\/types\/page"}],"author":[{"embeddable":true,"href":"https:\/\/veloxtvgroup.com\/index.php\/wp-json\/wp\/v2\/users\/1"}],"replies":[{"embeddable":true,"href":"https:\/\/veloxtvgroup.com\/index.php\/wp-json\/wp\/v2\/comments?post=163"}],"version-history":[{"count":14,"href":"https:\/\/veloxtvgroup.com\/index.php\/wp-json\/wp\/v2\/pages\/163\/revisions"}],"predecessor-version":[{"id":368,"href":"https:\/\/veloxtvgroup.com\/index.php\/wp-json\/wp\/v2\/pages\/163\/revisions\/368"}],"wp:attachment":[{"href":"https:\/\/veloxtvgroup.com\/index.php\/wp-json\/wp\/v2\/media?parent=163"}],"curies":[{"name":"wp","href":"https:\/\/api.w.org\/{rel}","templated":true}]}}