{"id":157,"date":"2024-01-16T16:28:56","date_gmt":"2024-01-16T19:28:56","guid":{"rendered":"http:\/\/veloxtvgroup.com\/?page_id=157"},"modified":"2026-03-17T15:52:40","modified_gmt":"2026-03-17T18:52:40","slug":"feiras-eventos","status":"publish","type":"page","link":"https:\/\/veloxtvgroup.com\/index.php\/feiras-eventos\/","title":{"rendered":"Feiras &#038; Eventos"},"content":{"rendered":"<p style=\"text-align: justify;\">O produto <strong>&#8216;Feiras e Eventos&#8217;<\/strong> consiste em um conjunto de solu\u00e7\u00f5es e servi\u00e7os oferecidos para empresas que desejam participar de feiras, eventos corporativos e exposi\u00e7\u00f5es. Essas solu\u00e7\u00f5es podem variar desde a cria\u00e7\u00e3o de estandes e ambienta\u00e7\u00e3o do espa\u00e7o at\u00e9 a organiza\u00e7\u00e3o log\u00edstica da participa\u00e7\u00e3o da empresa no evento.<\/p>\n<p>&nbsp;<\/p>\n<p style=\"text-align: justify;\"><strong>Feiras e Eventos<\/strong> serve para proporcionar uma participa\u00e7\u00e3o estrat\u00e9gica e de sucesso nos eventos do setor. Atrav\u00e9s de um planejamento cuidadoso e uma execu\u00e7\u00e3o eficiente, as empresas podem aproveitar ao m\u00e1ximo as oportunidades oferecidas pelos eventos, como networking, gera\u00e7\u00e3o de leads e vendas diretas. Al\u00e9m disso, o produto tamb\u00e9m visa fortalecer a <strong><em>imagem<\/em><\/strong> e a reputa\u00e7\u00e3o da empresa, posicionando-a como refer\u00eancia em seu mercado de atua\u00e7\u00e3o.<\/p>\n<p>&nbsp;<\/p>\n<p style=\"text-align: justify;\">O produto \u00e9 adquirido por empresas de diferentes segmentos e tamanhos que t\u00eam interesse em participar de feiras, eventos corporativos e exposi\u00e7\u00f5es. Essas empresas podem ser desde pequenos empreendimentos locais at\u00e9 grandes multinacionais. O perfil do comprador pode variar, englobando desde profissionais de marketing e eventos, at\u00e9 gestores de vendas e diretores executivos.<\/p>\n<p>&nbsp;<\/p>\n<p style=\"text-align: justify;\">Existem diversas formas de utilizar o produto &#8216;Feiras e Eventos&#8217; para obter resultados positivos e se destacar nos eventos do setor. Alguns exemplos de utiliza\u00e7\u00e3o s\u00e3o:<\/p>\n<ul>\n<li><strong><em>Organiza\u00e7\u00e3o<\/em><\/strong><\/li>\n<li><em><strong>Comercializa\u00e7\u00e3o dos Espa\u00e7os<\/strong><\/em>\n<ul>\n<li>Stand Completo<\/li>\n<li>Camarotes<\/li>\n<li>Participa\u00e7\u00f5es (Em nosso Stand)<\/li>\n<li>Ingressos<\/li>\n<li>Divulga\u00e7\u00e3o das Marcas<\/li>\n<\/ul>\n<\/li>\n<li><strong><em>Patroc\u00ednio<\/em><\/strong>\n<ul>\n<li>Transmiss\u00e3o do Evento<\/li>\n<li>Cobertura do Evento &#8220;In Loco&#8221;<\/li>\n<li>Comunica\u00e7\u00e3o Est\u00e1tica \/ Visual<\/li>\n<li>Patroc\u00ednio do Evento<\/li>\n<li>Mobili\u00e1rio<\/li>\n<li>Sorteios de pr\u00eamios e brindes<\/li>\n<\/ul>\n<\/li>\n<li><em><strong>Conte\u00fados Exclusivos<\/strong><\/em>\n<ul>\n<li>Mat\u00e9rias Jornal\u00edsticas<\/li>\n<li>Entrevistas<\/li>\n<\/ul>\n<\/li>\n<li><em><strong>Retorno de M\u00eddia<\/strong><\/em>\n<ul>\n<li>Investimento x Vendas<\/li>\n<\/ul>\n<\/li>\n<li><em><strong>PodCast<\/strong><\/em><\/li>\n<\/ul>\n<p>&nbsp;<\/p>\n<p><strong>Segue a rela\u00e7\u00e3o de algumas Feiras &amp; Eventos &#8211;\u00a0 Nacionais e Internacionais em 2026.<\/strong><\/p>\n<p><img fetchpriority=\"high\" decoding=\"async\" class=\"alignnone wp-image-365 size-full\" src=\"https:\/\/veloxtvgroup.com\/wp-content\/uploads\/2026\/03\/eventos.png\" alt=\"\" width=\"778\" height=\"501\" srcset=\"https:\/\/veloxtvgroup.com\/wp-content\/uploads\/2026\/03\/eventos.png 778w, https:\/\/veloxtvgroup.com\/wp-content\/uploads\/2026\/03\/eventos-300x193.png 300w, https:\/\/veloxtvgroup.com\/wp-content\/uploads\/2026\/03\/eventos-768x495.png 768w\" sizes=\"(max-width: 778px) 100vw, 778px\" \/><\/p>\n","protected":false},"excerpt":{"rendered":"<p>O produto &#8216;Feiras e Eventos&#8217; consiste em um conjunto de solu\u00e7\u00f5es e servi\u00e7os oferecidos para empresas que desejam participar de feiras, eventos corporativos e exposi\u00e7\u00f5es. Essas solu\u00e7\u00f5es podem variar desde a cria\u00e7\u00e3o de estandes e ambienta\u00e7\u00e3o do espa\u00e7o at\u00e9 a organiza\u00e7\u00e3o log\u00edstica da participa\u00e7\u00e3o da empresa no evento. &nbsp; Feiras e Eventos serve para proporcionar [&hellip;]<\/p>\n","protected":false},"author":1,"featured_media":0,"parent":0,"menu_order":0,"comment_status":"closed","ping_status":"closed","template":"","meta":{"om_disable_all_campaigns":false,"_uf_show_specific_survey":0,"_uf_disable_surveys":false,"footnotes":""},"class_list":["post-157","page","type-page","status-publish","hentry"],"aioseo_notices":[],"_links":{"self":[{"href":"https:\/\/veloxtvgroup.com\/index.php\/wp-json\/wp\/v2\/pages\/157","targetHints":{"allow":["GET"]}}],"collection":[{"href":"https:\/\/veloxtvgroup.com\/index.php\/wp-json\/wp\/v2\/pages"}],"about":[{"href":"https:\/\/veloxtvgroup.com\/index.php\/wp-json\/wp\/v2\/types\/page"}],"author":[{"embeddable":true,"href":"https:\/\/veloxtvgroup.com\/index.php\/wp-json\/wp\/v2\/users\/1"}],"replies":[{"embeddable":true,"href":"https:\/\/veloxtvgroup.com\/index.php\/wp-json\/wp\/v2\/comments?post=157"}],"version-history":[{"count":10,"href":"https:\/\/veloxtvgroup.com\/index.php\/wp-json\/wp\/v2\/pages\/157\/revisions"}],"predecessor-version":[{"id":366,"href":"https:\/\/veloxtvgroup.com\/index.php\/wp-json\/wp\/v2\/pages\/157\/revisions\/366"}],"wp:attachment":[{"href":"https:\/\/veloxtvgroup.com\/index.php\/wp-json\/wp\/v2\/media?parent=157"}],"curies":[{"name":"wp","href":"https:\/\/api.w.org\/{rel}","templated":true}]}}