{"id":155,"date":"2024-01-16T16:28:38","date_gmt":"2024-01-16T19:28:38","guid":{"rendered":"http:\/\/veloxtvgroup.com\/?page_id=155"},"modified":"2024-01-16T17:28:20","modified_gmt":"2024-01-16T20:28:20","slug":"publicidade","status":"publish","type":"page","link":"https:\/\/veloxtvgroup.com\/index.php\/publicidade\/","title":{"rendered":"Publicidade"},"content":{"rendered":"<p style=\"text-align: justify;\">A <strong>publicidade<\/strong> \u00e9 uma atividade profissional dedicada \u00e0 difus\u00e3o p\u00fablica de empresas, produtos ou servi\u00e7os. Pode ser qualificada como uma &#8220;propaganda comercial&#8221;. \u00c9 a divulga\u00e7\u00e3o de produtos, servi\u00e7os e ideias junto ao p\u00fablico, tendo em vista, induzi-lo a uma atitude din\u00e2mica favor\u00e1vel.<\/p>\n<p>&nbsp;<\/p>\n<p style=\"text-align: justify;\">Publicidade \u00e9 a estrat\u00e9gia de marketing\u00a0que envolve\u00a0<strong>a compra de espa\u00e7o em um ve\u00edculo de m\u00eddia\u00a0<\/strong>para divulgar um produto, servi\u00e7o ou marca, com o objetivo de atingir o p\u00fablico-alvo\u00a0da empresa e incentiv\u00e1-lo a comprar.<\/p>\n<p>&nbsp;<\/p>\n<p style=\"text-align: justify;\">Publicidade tamb\u00e9m \u00e9 uma\u00a0<strong>\u00e1rea do conhecimento<\/strong>, dentro da Comunica\u00e7\u00e3o Social, que estuda n\u00e3o s\u00f3 a t\u00e9cnica da atividade, mas tamb\u00e9m sua fun\u00e7\u00e3o nas rela\u00e7\u00f5es sociais e culturais. Afinal, se ela est\u00e1 t\u00e3o presente no nosso dia a dia, ela participa das nossas vidas.<\/p>\n<p>&nbsp;<\/p>\n<p style=\"text-align: justify;\">N\u00e3o por acaso, publicit\u00e1rios est\u00e3o sempre de olho nas tend\u00eancias culturais e comportamentais da sociedade, para que os an\u00fancios gerem uma identifica\u00e7\u00e3o com o consumidor.<\/p>\n<p>&nbsp;<\/p>\n<p>Efetuamos os seguintes servi\u00e7os publicit\u00e1rios:<\/p>\n<ul>\n<li>Mapear a Imagem da empresa;<\/li>\n<li>Cria\u00e7\u00e3o da Identidade visual;<\/li>\n<li>Divulga\u00e7\u00e3o dos Produtos;<\/li>\n<li>Comercializa\u00e7\u00e3o de espa\u00e7os publicit\u00e1rios\n<ul>\n<li>Internet<\/li>\n<li>Revistas<\/li>\n<li>TVs<\/li>\n<li>R\u00e1dios e Streaming<\/li>\n<\/ul>\n<\/li>\n<li>Estudo de Mercado;<\/li>\n<li>M\u00eddias Sociais;<\/li>\n<li>Feiras &amp; Eventos<\/li>\n<\/ul>\n<p style=\"text-align: justify;\">\n","protected":false},"excerpt":{"rendered":"<p>A publicidade \u00e9 uma atividade profissional dedicada \u00e0 difus\u00e3o p\u00fablica de empresas, produtos ou servi\u00e7os. Pode ser qualificada como uma &#8220;propaganda comercial&#8221;. \u00c9 a divulga\u00e7\u00e3o de produtos, servi\u00e7os e ideias junto ao p\u00fablico, tendo em vista, induzi-lo a uma atitude din\u00e2mica favor\u00e1vel. &nbsp; Publicidade \u00e9 a estrat\u00e9gia de marketing\u00a0que envolve\u00a0a compra de espa\u00e7o em um [&hellip;]<\/p>\n","protected":false},"author":1,"featured_media":0,"parent":0,"menu_order":0,"comment_status":"closed","ping_status":"closed","template":"","meta":{"om_disable_all_campaigns":false,"_uf_show_specific_survey":0,"_uf_disable_surveys":false,"footnotes":""},"class_list":["post-155","page","type-page","status-publish","hentry"],"aioseo_notices":[],"_links":{"self":[{"href":"https:\/\/veloxtvgroup.com\/index.php\/wp-json\/wp\/v2\/pages\/155","targetHints":{"allow":["GET"]}}],"collection":[{"href":"https:\/\/veloxtvgroup.com\/index.php\/wp-json\/wp\/v2\/pages"}],"about":[{"href":"https:\/\/veloxtvgroup.com\/index.php\/wp-json\/wp\/v2\/types\/page"}],"author":[{"embeddable":true,"href":"https:\/\/veloxtvgroup.com\/index.php\/wp-json\/wp\/v2\/users\/1"}],"replies":[{"embeddable":true,"href":"https:\/\/veloxtvgroup.com\/index.php\/wp-json\/wp\/v2\/comments?post=155"}],"version-history":[{"count":8,"href":"https:\/\/veloxtvgroup.com\/index.php\/wp-json\/wp\/v2\/pages\/155\/revisions"}],"predecessor-version":[{"id":179,"href":"https:\/\/veloxtvgroup.com\/index.php\/wp-json\/wp\/v2\/pages\/155\/revisions\/179"}],"wp:attachment":[{"href":"https:\/\/veloxtvgroup.com\/index.php\/wp-json\/wp\/v2\/media?parent=155"}],"curies":[{"name":"wp","href":"https:\/\/api.w.org\/{rel}","templated":true}]}}